{"id":2,"date":"2025-09-18T12:54:39","date_gmt":"2025-09-18T12:54:39","guid":{"rendered":"https:\/\/smorpriser.dk\/?page_id=2"},"modified":"2025-09-18T18:37:36","modified_gmt":"2025-09-18T18:37:36","slug":"sample-page","status":"publish","type":"page","link":"https:\/\/smorpriser.dk\/","title":{"rendered":"Sm\u00f8rpriser uge 14 (15.-20. september 2025)"},"content":{"rendered":"\n<p>Denne side er et hobbyprojekt. Den er lavet med det form\u00e5l at skabe overblik over, hvor der er sm\u00f8r p\u00e5 tilbud.<\/p>\n\n\n\n<p>Alle sm\u00f8r er pakker p\u00e5 200 gram, med mindre andet er angivet.<br>Ugens fem bedste tilbud:<\/p>\n\n\n\n<p><\/p>\n\n\n\n<p>Lurpak, 15 kr i <a href=\"https:\/\/www.foetex.dk\/\">F\u00f8tex<\/a><\/p>\n\n\n\n<p>K\u00e6rg\u00e5rden, 12 kr i <a href=\"https:\/\/meny.dk\/\">Meny<\/a><\/p>\n\n\n\n<p>K\u00e6rg\u00e5rden \u00d8kologisk, 20 kr. i <a href=\"https:\/\/www.foetex.dk\/\">F\u00f8tex<\/a><\/p>\n\n\n\n<p>Egelykke Sm\u00f8rbar, 14 kr. i <a href=\"https:\/\/netto.dk\/\">Netto<\/a><\/p>\n\n\n\n<p>Lurpak Sm\u00f8rbar, 18 kr. i <a href=\"https:\/\/365discount.coop.dk\/\">Coop365<\/a><\/p>\n\n\n\n<p><\/p>\n\n\n\n<p>Ugens fem bedste tilbud:<\/p>\n\n\n\n<figure class=\"wp-block-table\"><table class=\"has-fixed-layout\"><tbody><tr><td>Produkt<\/td><td>Pris per pakke<\/td><td>Butik<\/td><\/tr><tr><td>Lurpak<\/td><td>15<\/td><td>F\u00f8tex<\/td><\/tr><tr><td>K\u00e6rg\u00e5rden<\/td><td>12<\/td><td>Meny<\/td><\/tr><tr><td>K\u00f8rg\u00e5rden \u00d8kologisk<\/td><td>20<\/td><td>F\u00f8tex<\/td><\/tr><tr><td>Egelykke Sm\u00f8rbar<\/td><td>14<\/td><td>Netto<\/td><\/tr><tr><td>Lurpak Sm\u00f8rbar<\/td><td>18<\/td><td>Coop365<\/td><\/tr><\/tbody><\/table><\/figure>\n\n\n\n<p>Siden er under udvikling.<\/p>\n\n\n\n<p><\/p>\n","protected":false},"excerpt":{"rendered":"<p>Denne side er et hobbyprojekt. Den er lavet med det form\u00e5l at skabe overblik over, hvor der er sm\u00f8r p\u00e5 tilbud. Alle sm\u00f8r er pakker p\u00e5 200 gram, med mindre andet er angivet.Ugens fem bedste tilbud: Lurpak, 15 kr i F\u00f8tex K\u00e6rg\u00e5rden, 12 kr i Meny K\u00e6rg\u00e5rden \u00d8kologisk, 20 kr. i F\u00f8tex Egelykke Sm\u00f8rbar, 14 [&hellip;]<\/p>\n","protected":false},"author":1,"featured_media":0,"parent":0,"menu_order":0,"comment_status":"closed","ping_status":"open","template":"","meta":{"footnotes":""},"class_list":["post-2","page","type-page","status-publish","hentry"],"_links":{"self":[{"href":"https:\/\/smorpriser.dk\/index.php?rest_route=\/wp\/v2\/pages\/2","targetHints":{"allow":["GET"]}}],"collection":[{"href":"https:\/\/smorpriser.dk\/index.php?rest_route=\/wp\/v2\/pages"}],"about":[{"href":"https:\/\/smorpriser.dk\/index.php?rest_route=\/wp\/v2\/types\/page"}],"author":[{"embeddable":true,"href":"https:\/\/smorpriser.dk\/index.php?rest_route=\/wp\/v2\/users\/1"}],"replies":[{"embeddable":true,"href":"https:\/\/smorpriser.dk\/index.php?rest_route=%2Fwp%2Fv2%2Fcomments&post=2"}],"version-history":[{"count":9,"href":"https:\/\/smorpriser.dk\/index.php?rest_route=\/wp\/v2\/pages\/2\/revisions"}],"predecessor-version":[{"id":25,"href":"https:\/\/smorpriser.dk\/index.php?rest_route=\/wp\/v2\/pages\/2\/revisions\/25"}],"wp:attachment":[{"href":"https:\/\/smorpriser.dk\/index.php?rest_route=%2Fwp%2Fv2%2Fmedia&parent=2"}],"curies":[{"name":"wp","href":"https:\/\/api.w.org\/{rel}","templated":true}]}}